{"id":662,"date":"2025-06-06T20:04:06","date_gmt":"2025-06-06T20:04:06","guid":{"rendered":"https:\/\/amc-havelland.de\/?page_id=662"},"modified":"2025-06-06T20:04:11","modified_gmt":"2025-06-06T20:04:11","slug":"quads","status":"publish","type":"page","link":"https:\/\/amc-havelland.de\/?page_id=662","title":{"rendered":"Quads"},"content":{"rendered":"<div class=\"\" style=\"\" >\n  \n    <section class=\"u-clearfix u-palette-2-light-3 u-section-1\" id=\"carousel_64c8\">\n      <div class=\"u-clearfix u-sheet u-sheet-1\">\n        <div class=\"custom-expanded u-gradient u-radius-20 u-shape u-shape-round u-shape-1\" data-animation-name=\"customAnimationIn\" data-animation-duration=\"1500\"><\/div>\n        <div class=\"u-expanded-width-sm u-expanded-width-xs u-gradient u-radius-20 u-shape u-shape-round u-shape-2\" data-animation-name=\"customAnimationIn\" data-animation-duration=\"1500\" data-animation-delay=\"250\"><\/div>\n        <img decoding=\"async\" class=\"custom-expanded u-image u-image-round u-radius-20 u-image-1\" src=\"https:\/\/amc-havelland.de\/wp-content\/uploads\/2025\/06\/RobertMauer-Vektor2_blauschwarz-17.jpg\" data-image-width=\"3404\" data-image-height=\"2362\" data-animation-name=\"flipIn\" data-animation-duration=\"1500\" data-animation-direction=\"X\" data-animation-delay=\"500\" data-href=\"https:\/\/amc-havelland.de\/?page_id=663\" title=\"Startseite\">\n        <div class=\"custom-expanded u-align-center-xs u-container-style u-group u-group-1\" data-animation-name=\"customAnimationIn\" data-animation-duration=\"1500\" data-animation-delay=\"250\">\n          <div class=\"u-container-layout u-valign-bottom-lg u-valign-bottom-md u-valign-bottom-sm u-container-layout-1\">\n            <p class=\"u-align-left-lg u-align-left-md u-align-left-sm u-align-left-xl u-custom-font u-font-georgia u-text u-text-palette-2-light-3 u-text-1\"><span style=\"font-weight: 700; font-size: 1.875rem;\">Willkommen beim <\/span><span style=\"font-size: 1.875rem;\">\n                <br><span style=\"font-weight: 700;\">AMC Havelland<\/span><\/span>\n              <br>\n              <br>Wir sind DIE Spezialisten f\u00fcr alle Ger\u00e4te mit Motor und Anh\u00e4nger.&nbsp;<br> Ob Verkauf, Vermietung oder<br>auch beim Service, die Fachberatung durch unser Team garantiert die beste L\u00f6sung f\u00fcr Ihr Anliegen!<br>Wir haben auch Einstreuprodukte, Futtermittel, Weide- und Stallzubeh\u00f6r f\u00fcr Gro\u00dftiere.<br>Aktuelle Angebote auf <a href=\"#\" class=\"u-active-none u-border-none u-btn u-button-link u-button-style u-hover-none u-none u-text-palette-2-light-1 u-btn-1\" title=\"https:\/\/www.instagram.com\/amc_havelland\/\">Instagram<\/a> und Facebook.<br>\n            <\/p>\n          <\/div>\n        <\/div>\n        <h2 class=\"u-align-left u-custom-font u-font-georgia u-text u-text-body-alt-color u-text-default-lg u-text-default-md u-text-default-xl u-text-2\">AMC Havelland<\/h2>\n      <\/div>\n    <\/section>\n    <section class=\"u-align-center u-clearfix u-container-align-center u-container-align-center-lg u-container-align-center-md u-container-align-center-sm u-container-align-center-xl u-palette-2-light-3 u-section-2\" id=\"carousel_faf8\">\n      <div class=\"u-clearfix u-sheet u-valign-middle-lg u-valign-middle-md u-valign-middle-sm u-valign-middle-xl u-sheet-1\">\n        <h2 class=\"u-align-center u-custom-font u-font-georgia u-text u-text-default u-text-palette-2-base u-text-1\" data-animation-name=\"customAnimationIn\" data-animation-duration=\"1500\" data-animation-delay=\"500\"><span class=\"u-text-palette-2-dark-1\" style=\"font-size: 1.875rem;\">UNSER PRODUKTANGEBOT&nbsp; <\/span><span style=\"font-size: 1.875rem;\">Kauf - Miete - Service<\/span>\n          <br>\n        <\/h2>\n        <div class=\"u-expanded-width-xs u-layout-grid u-list u-list-1\">\n          <div class=\"u-repeater u-repeater-1\">\n            <div class=\"u-align-left u-container-align-left u-container-style u-custom-item u-list-item u-palette-2-base u-radius-20 u-repeater-item u-shape-round u-list-item-1\" data-animation-name=\"customAnimationIn\" data-animation-duration=\"1500\" data-animation-delay=\"500\">\n              <div class=\"u-container-layout u-similar-container u-container-layout-1\"><span class=\"u-align-left u-file-icon u-icon u-radius-8 u-text-white u-icon-1\"><img decoding=\"async\" src=\"https:\/\/amc-havelland.de\/wp-content\/uploads\/2025\/06\/45938ad9-17.png\" alt=\"\"><\/span>\n                <h4 class=\"u-align-left u-custom-font u-font-georgia u-text u-text-default u-text-2\"><span style=\"font-weight: 700;\">Auto-Anh\u00e4nger<\/span>\n                <\/h4>\n                <a href=\"https:\/\/amc-havelland.de\/?page_id=664\" class=\"u-active-white u-border-none u-btn u-btn-round u-button-style u-custom-font u-font-georgia u-hover-white u-radius u-text-palette-2-dark-1 u-white u-btn-1\" title=\"Quads\">Mehr Infos<\/a>\n              <\/div>\n            <\/div>\n            <div class=\"u-align-left u-container-align-left u-container-style u-list-item u-palette-2-light-1 u-radius-20 u-repeater-item u-shape-round u-video-cover u-list-item-2\" data-animation-name=\"customAnimationIn\" data-animation-duration=\"1500\" data-animation-delay=\"500\">\n              <div class=\"u-container-layout u-similar-container u-container-layout-2\"><span class=\"u-align-left u-file-icon u-icon u-radius-8 u-text-white u-icon-2\"><img decoding=\"async\" src=\"https:\/\/amc-havelland.de\/wp-content\/uploads\/2025\/06\/143437ba-17.png\" alt=\"\"><\/span>\n                <h4 class=\"u-align-left u-custom-font u-font-georgia u-text u-text-default u-text-3\"><span style=\"font-weight: 700;\"><\/span><span style=\"font-weight: 700;\">Anfahrt - Kontakt<br><\/span>\n                <\/h4>\n                <a href=\"https:\/\/amc-havelland.de\/?page_id=666\" class=\"u-active-white u-border-none u-btn u-btn-round u-button-style u-custom-font u-font-georgia u-hover-white u-radius u-text-palette-2-dark-1 u-white u-btn-2\" title=\"Kontakt\">Mehr Infos<\/a>\n              <\/div>\n            <\/div>\n            <div class=\"u-align-left u-container-align-left u-container-style u-custom-item u-list-item u-palette-2-base u-radius-20 u-repeater-item u-shape-round u-video-cover u-list-item-3\" data-animation-name=\"customAnimationIn\" data-animation-duration=\"1500\" data-animation-delay=\"500\">\n              <div class=\"u-container-layout u-similar-container u-container-layout-3\"><span class=\"u-align-left u-file-icon u-icon u-radius-8 u-text-white u-icon-3\"><img decoding=\"async\" src=\"https:\/\/amc-havelland.de\/wp-content\/uploads\/2025\/06\/de9fe7a0-17.png\" alt=\"\"><\/span>\n                <h4 class=\"u-align-left u-custom-font u-font-georgia u-text u-text-default u-text-4\"><span style=\"font-weight: 700;\">S<\/span><span style=\"font-weight: 700;\">TIHL Motorger\u00e4te<\/span>\n                  <br>\n                <\/h4>\n                <a href=\"https:\/\/amc-havelland.de\/?page_id=665\" class=\"u-active-white u-border-none u-btn u-btn-round u-button-style u-custom-font u-font-georgia u-hover-white u-radius u-text-palette-2-dark-1 u-white u-btn-3\" title=\"Stihl\">Mehr Infos<\/a>\n              <\/div>\n            <\/div>\n          <\/div>\n        <\/div>\n        <div class=\"custom-expanded data-layout-selected u-clearfix u-expanded-width-lg u-expanded-width-md u-expanded-width-sm u-expanded-width-xl u-layout-wrap u-layout-wrap-1\">\n          <div class=\"u-layout\">\n            <div class=\"u-layout-row\">\n              <div class=\"u-container-style u-layout-cell u-size-27 u-layout-cell-1\">\n                <div class=\"u-container-layout u-valign-top-lg u-valign-top-md u-valign-top-sm u-container-layout-4\">\n                  <img decoding=\"async\" class=\"u-image u-image-default u-image-1\" src=\"https:\/\/amc-havelland.de\/wp-content\/uploads\/2025\/06\/20250604_141454_resized-6.jpg\" alt=\"\" data-image-width=\"1694\" data-image-height=\"2008\">\n                  <img decoding=\"async\" class=\"u-image u-image-contain u-image-default u-image-2\" src=\"https:\/\/amc-havelland.de\/wp-content\/uploads\/2025\/06\/9-6.png\" alt=\"\" data-image-width=\"2819\" data-image-height=\"4000\">\n                  <img decoding=\"async\" class=\"u-expanded-width-xs u-image u-image-default u-image-3\" src=\"https:\/\/amc-havelland.de\/wp-content\/uploads\/2025\/06\/miete-quads-6.jpg\" alt=\"\" data-image-width=\"654\" data-image-height=\"464\">\n                <\/div>\n              <\/div>\n              <div class=\"u-container-style u-layout-cell u-size-33 u-layout-cell-2\">\n                <div class=\"u-container-layout u-valign-bottom-lg u-valign-bottom-md u-valign-bottom-sm u-container-layout-5\">\n                  <p class=\"u-text u-text-default-lg u-text-default-md u-text-default-sm u-text-default-xl u-text-5\"><span style=\"font-weight: 700; font-size: 1.125rem;\">&nbsp;&nbsp; <span style=\"font-size: 1.5rem;\"><span style=\"font-size: 1.25rem;\">Verkauf, Vermietung, Reparatur <br>&nbsp;&nbsp;&nbsp; <span style=\"font-size: 1.125rem;\">von Quads bei AMC <\/span><\/span><span style=\"font-size: 1.125rem;\">Havelland<\/span>\n                        <br>&nbsp;&nbsp;&nbsp;&nbsp; Aktuelle Angebote auf<br>&nbsp;&nbsp; Facebook und Instagram<\/span><\/span>\n                    <br>\n                  <\/p>\n                  <img decoding=\"async\" class=\"u-expanded-width-xs u-image u-image-default u-image-4\" src=\"https:\/\/amc-havelland.de\/wp-content\/uploads\/2025\/06\/20250604_140855_resized-6.jpg\" alt=\"\" data-image-width=\"1698\" data-image-height=\"1256\">\n                <\/div>\n              <\/div>\n            <\/div>\n          <\/div>\n        <\/div>\n      <\/div>\n    <\/section>\n    \n    \n    \n    \n  \n<\/div>","protected":false},"excerpt":{"rendered":"<p>Willkommen beim AMC Havelland Wir sind DIE Spezialisten f\u00fcr alle Ger\u00e4te mit Motor und Anh\u00e4nger.&nbsp; Ob Verkauf, Vermietung oderauch beim Service, die Fachberatung durch unser Team garantiert die beste L\u00f6sung f\u00fcr Ihr Anliegen!Wir haben auch Einstreuprodukte, Futtermittel, Weide- und Stallzubeh\u00f6r f\u00fcr Gro\u00dftiere.Aktuelle Angebote auf Instagram und Facebook. AMC Havelland UNSER PRODUKTANGEBOT&nbsp; Kauf &#8211; Miete &#8211; [&hellip;]<\/p>\n","protected":false},"author":1,"featured_media":0,"parent":0,"menu_order":1,"comment_status":"closed","ping_status":"closed","template":"","meta":{"footnotes":""},"class_list":["post-662","page","type-page","status-publish","hentry"],"_links":{"self":[{"href":"https:\/\/amc-havelland.de\/index.php?rest_route=\/wp\/v2\/pages\/662","targetHints":{"allow":["GET"]}}],"collection":[{"href":"https:\/\/amc-havelland.de\/index.php?rest_route=\/wp\/v2\/pages"}],"about":[{"href":"https:\/\/amc-havelland.de\/index.php?rest_route=\/wp\/v2\/types\/page"}],"author":[{"embeddable":true,"href":"https:\/\/amc-havelland.de\/index.php?rest_route=\/wp\/v2\/users\/1"}],"replies":[{"embeddable":true,"href":"https:\/\/amc-havelland.de\/index.php?rest_route=%2Fwp%2Fv2%2Fcomments&post=662"}],"version-history":[{"count":1,"href":"https:\/\/amc-havelland.de\/index.php?rest_route=\/wp\/v2\/pages\/662\/revisions"}],"predecessor-version":[{"id":667,"href":"https:\/\/amc-havelland.de\/index.php?rest_route=\/wp\/v2\/pages\/662\/revisions\/667"}],"wp:attachment":[{"href":"https:\/\/amc-havelland.de\/index.php?rest_route=%2Fwp%2Fv2%2Fmedia&parent=662"}],"curies":[{"name":"wp","href":"https:\/\/api.w.org\/{rel}","templated":true}]}}