{"id":663,"date":"2025-06-06T20:04:07","date_gmt":"2025-06-06T20:04:07","guid":{"rendered":"https:\/\/amc-havelland.de\/?page_id=663"},"modified":"2025-06-06T20:04:11","modified_gmt":"2025-06-06T20:04:11","slug":"startseite","status":"publish","type":"page","link":"https:\/\/amc-havelland.de\/","title":{"rendered":"Startseite"},"content":{"rendered":"<div class=\"\" style=\"\" >\n  \n    <section class=\"u-clearfix u-palette-2-light-3 u-section-1\" id=\"carousel_64c8\">\n      <div class=\"u-clearfix u-sheet u-valign-middle-xs u-sheet-1\">\n        <div class=\"custom-expanded u-gradient u-radius-20 u-shape u-shape-round u-shape-1\" data-animation-name=\"customAnimationIn\" data-animation-duration=\"1500\"><\/div>\n        <div class=\"custom-expanded u-expanded-width-sm u-gradient u-radius-20 u-shape u-shape-round u-shape-2\" data-animation-name=\"customAnimationIn\" data-animation-duration=\"1500\" data-animation-delay=\"250\"><\/div>\n        <img decoding=\"async\" class=\"custom-expanded u-image u-image-round u-radius-20 u-image-1\" src=\"https:\/\/amc-havelland.de\/wp-content\/uploads\/2025\/06\/RobertMauer-Vektor2_blauschwarz-17.jpg\" data-image-width=\"3404\" data-image-height=\"2362\" data-animation-name=\"flipIn\" data-animation-duration=\"1500\" data-animation-direction=\"X\" data-animation-delay=\"500\">\n        <div class=\"custom-expanded u-container-style u-group u-group-1\" data-animation-name=\"customAnimationIn\" data-animation-duration=\"1500\" data-animation-delay=\"250\">\n          <div class=\"u-container-layout u-valign-bottom-xs u-container-layout-1\">\n            <p class=\"u-align-left u-custom-font u-font-georgia u-text u-text-palette-2-light-3 u-text-1\"><span style=\"font-weight: 700;\">Willkommen beim <\/span>\n              <br><span style=\"font-weight: 700;\">AMC Havelland<\/span>\n              <br>\n              <br>Wir sind DIE Spezialisten f\u00fcr <br>alle Ger\u00e4te mit Motor und Anh\u00e4nger.&nbsp; <br>Ob Verkauf, Vermietung oder auch beim Service, die Fachberatung durch unser Team garantiert die beste L\u00f6sung f\u00fcr Ihr Anliegen!<br>Ausserdem haben wir auch Einstreuprodukte, Futtermittel, Weide- und Stallzubeh\u00f6r f\u00fcr Gro\u00dftiere.<br>Aktuelle Angebote auf <a href=\"https:\/\/www.instagram.com\/amc_havelland\/\" class=\"u-active-none u-border-none u-btn u-button-link u-button-style u-hover-none u-none u-text-palette-2-light-1 u-btn-1\" target=\"_blank\">Instagram<\/a> und Facebook.<br>\n            <\/p>\n          <\/div>\n        <\/div>\n        <h2 class=\"u-align-center-xs u-align-left-lg u-align-left-md u-align-left-sm u-align-left-xl u-custom-font u-font-georgia u-text u-text-body-alt-color u-text-default-lg u-text-default-md u-text-default-xl u-text-2\">AMC Havelland<\/h2>\n      <\/div>\n    <\/section>\n    <section class=\"u-align-center u-clearfix u-container-align-center u-palette-2-light-3 u-section-2\" id=\"carousel_faf8\">\n      <h2 class=\"u-align-center u-custom-font u-font-georgia u-text u-text-default-lg u-text-default-md u-text-default-xl u-text-palette-2-base u-text-1\" data-animation-name=\"customAnimationIn\" data-animation-duration=\"1500\" data-animation-delay=\"500\"><span class=\"u-text-palette-2-dark-1\">UNSER PRODUKTANGEBOT<\/span>\n        <br>Kauf - Miete - Service<br>\n      <\/h2>\n      <div class=\"u-expanded-width u-layout-grid u-list u-list-1\">\n        <div class=\"u-repeater u-repeater-1\">\n          <div class=\"u-container-style u-custom-item u-list-item u-palette-2-base u-radius-20 u-repeater-item u-shape-round u-list-item-1\" data-animation-name=\"customAnimationIn\" data-animation-duration=\"1500\" data-animation-delay=\"500\">\n            <div class=\"u-container-layout u-similar-container u-valign-top-lg u-valign-top-md u-valign-top-sm u-valign-top-xs u-container-layout-1\"><span class=\"u-align-left u-file-icon u-icon u-radius-8 u-text-white u-icon-1\"><img decoding=\"async\" src=\"https:\/\/amc-havelland.de\/wp-content\/uploads\/2025\/06\/45938ad9-17.png\" alt=\"\"><\/span>\n              <h4 class=\"u-align-left u-custom-font u-font-georgia u-text u-text-2\"><span style=\"font-weight: 700;\">K<\/span><span style=\"font-weight: 700;\">YMCO<\/span>\n                <br><span style=\"font-weight: 700;\"><span style=\"font-weight: 700;\"><\/span>Fahrzeuge<\/span>\n              <\/h4>\n              <img decoding=\"async\" class=\"u-image u-image-default u-preserve-proportions u-image-1\" src=\"https:\/\/amc-havelland.de\/wp-content\/uploads\/2025\/06\/quad-klein-17.jpg\" alt=\"\" data-image-width=\"173\" data-image-height=\"164\">\n              <p class=\"u-align-center u-custom-font u-custom-item u-font-georgia u-text u-text-3\"><span style=\"font-weight: 700;\">&nbsp;&nbsp;&nbsp; <span style=\"font-size: 1rem;\">Quads \/ ATV \/ Roller<br>&nbsp;&nbsp;&nbsp;&nbsp; Kauf - Miete - Service<\/span><\/span>\n              <\/p>\n              <a href=\"https:\/\/amc-havelland.de\/?page_id=662\" class=\"u-active-white u-border-none u-btn u-btn-round u-button-style u-custom-font u-font-georgia u-hover-white u-radius u-text-palette-2-dark-1 u-white u-btn-1\" title=\"Quads\">Mehr Infos<\/a>\n            <\/div>\n          <\/div>\n          <div class=\"u-container-style u-list-item u-palette-2-light-1 u-radius-20 u-repeater-item u-shape-round u-video-cover u-list-item-2\" data-animation-name=\"customAnimationIn\" data-animation-duration=\"1500\" data-animation-delay=\"500\">\n            <div class=\"u-container-layout u-similar-container u-valign-top-lg u-valign-top-md u-valign-top-sm u-valign-top-xs u-container-layout-2\"><span class=\"u-align-left u-file-icon u-icon u-radius-8 u-text-white u-icon-2\"><img decoding=\"async\" src=\"https:\/\/amc-havelland.de\/wp-content\/uploads\/2025\/06\/143437ba-17.png\" alt=\"\"><\/span>\n              <h4 class=\"u-align-left u-custom-font u-font-georgia u-text u-text-4\"><span style=\"font-weight: 700;\" class=\"u-text-palette-2-dark-3\">Auto<br><\/span><span style=\"font-weight: 700;\" class=\"u-text-palette-2-dark-3\">Anh\u00e4nge<\/span><span style=\"font-weight: 700;\" class=\"u-text-palette-2-dark-3\">r<\/span>\n              <\/h4>\n              <img decoding=\"async\" class=\"u-image u-image-default u-preserve-proportions u-image-2\" src=\"https:\/\/amc-havelland.de\/wp-content\/uploads\/2025\/06\/Anhaenger-Debon-1-17.jpg\" alt=\"\" data-image-width=\"232\" data-image-height=\"206\">\n              <p class=\"u-align-center u-custom-font u-custom-item u-font-georgia u-text u-text-5\"><span style=\"font-weight: 700; font-size: 0.875rem;\" class=\"u-text-palette-2-dark-3\">Cheval Liberte \/ Debon \/ Stema<br>&nbsp; Careliner \/ An\u200bssems - Service<\/span>\n                <br>\n              <\/p>\n              <a href=\"https:\/\/amc-havelland.de\/?page_id=664\" class=\"u-active-white u-border-none u-btn u-btn-round u-button-style u-custom-font u-font-georgia u-hover-white u-radius u-text-palette-2-dark-1 u-white u-btn-2\" title=\"Anhaenger\">Mehr Infos<\/a>\n            <\/div>\n          <\/div>\n          <div class=\"u-container-style u-custom-item u-list-item u-palette-2-base u-radius-20 u-repeater-item u-shape-round u-video-cover u-list-item-3\" data-animation-name=\"customAnimationIn\" data-animation-duration=\"1500\" data-animation-delay=\"500\">\n            <div class=\"u-container-layout u-similar-container u-valign-top-lg u-valign-top-md u-valign-top-sm u-valign-top-xs u-container-layout-3\"><span class=\"u-align-left u-file-icon u-icon u-radius-8 u-text-white u-icon-3\"><img decoding=\"async\" src=\"https:\/\/amc-havelland.de\/wp-content\/uploads\/2025\/06\/de9fe7a0-17.png\" alt=\"\"><\/span>\n              <h4 class=\"u-align-left u-custom-font u-font-georgia u-text u-text-6\"><span style=\"font-weight: 700;\">S<\/span><span style=\"font-weight: 700;\">TIHL <\/span>\n                <br><span style=\"font-weight: 700;\">Motorger\u00e4te<\/span>\n                <br>\n              <\/h4>\n              <img decoding=\"async\" class=\"u-image u-image-default u-preserve-proportions u-image-3\" src=\"https:\/\/amc-havelland.de\/wp-content\/uploads\/2025\/06\/stihl-17.jpg\" alt=\"\" data-image-width=\"148\" data-image-height=\"145\">\n              <p class=\"u-align-center u-custom-font u-custom-item u-font-georgia u-text u-text-7\"><span style=\"font-weight: 700; font-size: 1rem;\">&nbsp; Motors\u00e4gen \/ Rasenm\u00e4her <br>&nbsp;&nbsp;&nbsp;&nbsp;&nbsp; Hochdruckreiniger <\/span>\n                <br>\n              <\/p>\n              <a href=\"https:\/\/amc-havelland.de\/?page_id=665\" class=\"u-active-white u-border-none u-btn u-btn-round u-button-style u-custom-font u-font-georgia u-hover-white u-radius u-text-palette-2-dark-1 u-white u-btn-3\" title=\"Stihl\">Mehr Infos<\/a>\n            <\/div>\n          <\/div>\n          <div class=\"u-container-style u-custom-item u-list-item u-palette-2-light-1 u-radius-20 u-repeater-item u-shape-round u-video-cover u-list-item-4\" data-animation-name=\"customAnimationIn\" data-animation-duration=\"1500\" data-animation-delay=\"500\">\n            <div class=\"u-container-layout u-similar-container u-valign-top-lg u-valign-top-md u-valign-top-sm u-valign-top-xs u-container-layout-4\"><span class=\"u-align-left u-file-icon u-icon u-radius-8 u-text-white u-icon-4\"><img decoding=\"async\" src=\"https:\/\/amc-havelland.de\/wp-content\/uploads\/2025\/06\/80909836-17.png\" alt=\"\"><\/span>\n              <h4 class=\"u-align-left u-custom-font u-font-georgia u-text u-text-8\"><span style=\"font-weight: 700;\" class=\"u-text-palette-2-dark-3\">Anfahrt<\/span>\n                <br><span style=\"font-weight: 700;\" class=\"u-text-palette-2-dark-3\">Shop Paaren<\/span>\n                <br>\n              <\/h4>\n              <img decoding=\"async\" class=\"u-image u-image-default u-preserve-proportions u-image-4\" src=\"https:\/\/amc-havelland.de\/wp-content\/uploads\/2025\/06\/aussen-11.jpg\" alt=\"\" data-image-width=\"1201\" data-image-height=\"1197\">\n              <p class=\"u-align-center u-custom-font u-custom-item u-font-georgia u-text u-text-palette-2-base u-text-9\"><span style=\"font-weight: 700; font-size: 0.875rem;\">&nbsp;&nbsp;&nbsp;&nbsp;&nbsp;&nbsp;&nbsp;&nbsp;&nbsp;&nbsp; <span class=\"u-text-palette-2-dark-3\" style=\"font-size: 1rem;\">Anfahrt&nbsp;&nbsp;&nbsp;&nbsp;&nbsp;&nbsp;&nbsp;&nbsp;&nbsp;&nbsp;&nbsp; <\/span><\/span><span class=\"u-text-palette-2-dark-3\" style=\"font-size: 1rem;\">\n                  <br><span style=\"font-weight: 700;\">&nbsp; Impressum<\/span><\/span>\n                <br>\n              <\/p>\n              <a href=\"https:\/\/amc-havelland.de\/?page_id=666\" class=\"u-active-white u-border-none u-btn u-btn-round u-button-style u-custom-font u-font-georgia u-hover-white u-radius u-text-palette-2-dark-1 u-white u-btn-4\" title=\"Kontakt\">Mehr Infos<\/a>\n            <\/div>\n          <\/div>\n        <\/div>\n      <\/div>\n    <\/section>\n    \n    \n    \n    \n  \n<\/div>","protected":false},"excerpt":{"rendered":"<p>Willkommen beim AMC Havelland Wir sind DIE Spezialisten f\u00fcr alle Ger\u00e4te mit Motor und Anh\u00e4nger.&nbsp; Ob Verkauf, Vermietung oder auch beim Service, die Fachberatung durch unser Team garantiert die beste L\u00f6sung f\u00fcr Ihr Anliegen!Ausserdem haben wir auch Einstreuprodukte, Futtermittel, Weide- und Stallzubeh\u00f6r f\u00fcr Gro\u00dftiere.Aktuelle Angebote auf Instagram und Facebook. AMC Havelland UNSER PRODUKTANGEBOT Kauf &#8211; [&hellip;]<\/p>\n","protected":false},"author":1,"featured_media":0,"parent":0,"menu_order":2,"comment_status":"closed","ping_status":"closed","template":"","meta":{"footnotes":""},"class_list":["post-663","page","type-page","status-publish","hentry"],"_links":{"self":[{"href":"https:\/\/amc-havelland.de\/index.php?rest_route=\/wp\/v2\/pages\/663","targetHints":{"allow":["GET"]}}],"collection":[{"href":"https:\/\/amc-havelland.de\/index.php?rest_route=\/wp\/v2\/pages"}],"about":[{"href":"https:\/\/amc-havelland.de\/index.php?rest_route=\/wp\/v2\/types\/page"}],"author":[{"embeddable":true,"href":"https:\/\/amc-havelland.de\/index.php?rest_route=\/wp\/v2\/users\/1"}],"replies":[{"embeddable":true,"href":"https:\/\/amc-havelland.de\/index.php?rest_route=%2Fwp%2Fv2%2Fcomments&post=663"}],"version-history":[{"count":1,"href":"https:\/\/amc-havelland.de\/index.php?rest_route=\/wp\/v2\/pages\/663\/revisions"}],"predecessor-version":[{"id":668,"href":"https:\/\/amc-havelland.de\/index.php?rest_route=\/wp\/v2\/pages\/663\/revisions\/668"}],"wp:attachment":[{"href":"https:\/\/amc-havelland.de\/index.php?rest_route=%2Fwp%2Fv2%2Fmedia&parent=663"}],"curies":[{"name":"wp","href":"https:\/\/api.w.org\/{rel}","templated":true}]}}