{"id":666,"date":"2025-06-06T20:04:10","date_gmt":"2025-06-06T20:04:10","guid":{"rendered":"https:\/\/amc-havelland.de\/?page_id=666"},"modified":"2025-06-06T20:04:12","modified_gmt":"2025-06-06T20:04:12","slug":"kontakt-18","status":"publish","type":"page","link":"https:\/\/amc-havelland.de\/?page_id=666","title":{"rendered":"Kontakt"},"content":{"rendered":"<div class=\"\" style=\"\" >\n  \n    <section class=\"u-clearfix u-palette-2-light-3 u-section-1\" id=\"carousel_64c8\">\n      <div class=\"u-clearfix u-sheet u-sheet-1\">\n        <div class=\"custom-expanded u-gradient u-radius-20 u-shape u-shape-round u-shape-1\" data-animation-name=\"customAnimationIn\" data-animation-duration=\"1500\"><\/div>\n        <div class=\"u-expanded-width-sm u-expanded-width-xs u-gradient u-radius-20 u-shape u-shape-round u-shape-2\" data-animation-name=\"customAnimationIn\" data-animation-duration=\"1500\" data-animation-delay=\"250\"><\/div>\n        <img decoding=\"async\" class=\"custom-expanded u-image u-image-round u-radius-20 u-image-1\" src=\"https:\/\/amc-havelland.de\/wp-content\/uploads\/2025\/06\/innen-beide-kl-9.jpg\" data-image-width=\"1156\" data-image-height=\"867\" data-animation-name=\"flipIn\" data-animation-duration=\"1500\" data-animation-direction=\"X\" data-animation-delay=\"500\" data-href=\"https:\/\/amc-havelland.de\/?page_id=663\" title=\"Startseite\">\n        <div class=\"custom-expanded u-align-center-xs u-container-style u-group u-group-1\" data-animation-name=\"customAnimationIn\" data-animation-duration=\"1500\" data-animation-delay=\"250\">\n          <div class=\"u-container-layout u-valign-bottom-sm u-valign-bottom-xl u-container-layout-1\">\n            <p class=\"u-align-left-lg u-align-left-md u-align-left-sm u-align-left-xl u-custom-font u-font-georgia u-text u-text-palette-2-light-3 u-text-1\"><span style=\"font-weight: 700; font-size: 1.875rem;\">Willkommen beim <\/span><span style=\"font-size: 1.875rem;\">\n                <br><span style=\"font-weight: 700;\">AMC Havelland<\/span><\/span>\n              <br>\n              <br>Wir sind DIE Spezialisten f\u00fcr alle Ger\u00e4te mit Motor und Anh\u00e4nger.&nbsp;<br> Ob Verkauf, Vermietung oder<br>auch beim Service, die Fachberatung durch unser Team garantiert die beste L\u00f6sung f\u00fcr Ihr Anliegen!<br>Wir haben auch Einstreuprodukte, Futtermittel, Weide- und Stallzubeh\u00f6r f\u00fcr Gro\u00dftiere.<br>Aktuelle Angebote auf&nbsp; <a href=\"#\" class=\"u-active-none u-border-none u-btn u-button-link u-button-style u-hover-none u-none u-text-palette-2-light-1 u-btn-1\" title=\"https:\/\/www.instagram.com\/amc_havelland\/\" target=\"_blank\">Instagram<\/a> und Facebook!<br>\n            <\/p>\n          <\/div>\n        <\/div>\n        <h2 class=\"u-align-left u-custom-font u-font-georgia u-text u-text-body-alt-color u-text-default-lg u-text-default-md u-text-default-xl u-text-2\">&nbsp;AMC Havelland<\/h2>\n      <\/div>\n    <\/section>\n    <section class=\"u-align-center u-clearfix u-container-align-center u-palette-2-light-3 u-section-2\" id=\"carousel_faf8\">\n      <div class=\"u-clearfix u-sheet u-valign-middle-sm u-valign-middle-xs u-sheet-1\">\n        <h2 class=\"u-align-center u-custom-font u-font-georgia u-text u-text-default-lg u-text-default-xl u-text-palette-2-base u-text-1\" data-animation-name=\"customAnimationIn\" data-animation-duration=\"1500\" data-animation-delay=\"500\"><span class=\"u-text-palette-2-dark-1\" style=\"font-size: 1.875rem;\">UNSER PRODUKTANGEBOT&nbsp; <\/span>\n          <br><span style=\"font-size: 1.875rem;\">Kauf - Miete - Service<\/span>\n          <br>\n        <\/h2>\n        <div class=\"u-expanded-width-lg u-expanded-width-md u-expanded-width-sm u-expanded-width-xs u-layout-grid u-list u-list-1\">\n          <div class=\"u-repeater u-repeater-1\">\n            <div class=\"u-align-left u-container-align-left-xl u-container-style u-custom-item u-list-item u-palette-2-base u-radius-20 u-repeater-item u-shape-round u-list-item-1\" data-animation-name=\"customAnimationIn\" data-animation-duration=\"1500\" data-animation-delay=\"500\">\n              <div class=\"u-container-layout u-similar-container u-container-layout-1\"><span class=\"u-align-left u-file-icon u-icon u-radius-8 u-text-white u-icon-1\"><img decoding=\"async\" src=\"https:\/\/amc-havelland.de\/wp-content\/uploads\/2025\/06\/45938ad9-17.png\" alt=\"\"><\/span>\n                <h4 class=\"u-align-left u-custom-font u-font-georgia u-text u-text-2\"><span style=\"font-weight: 700;\">K<\/span><span style=\"font-weight: 700;\">YMCO <span style=\"font-weight: 700;\"><\/span>Fahrzeuge<\/span>\n                <\/h4>\n                <a href=\"https:\/\/amc-havelland.de\/?page_id=665\" class=\"u-active-white u-border-none u-btn u-btn-round u-button-style u-custom-font u-font-georgia u-hover-white u-radius u-text-palette-2-dark-1 u-white u-btn-1\" title=\"Quads\">Mehr Infos<\/a>\n              <\/div>\n            <\/div>\n            <div class=\"u-align-left u-container-align-left-xl u-container-style u-list-item u-palette-2-light-1 u-radius-20 u-repeater-item u-shape-round u-video-cover u-list-item-2\" data-animation-name=\"customAnimationIn\" data-animation-duration=\"1500\" data-animation-delay=\"500\">\n              <div class=\"u-container-layout u-similar-container u-container-layout-2\"><span class=\"u-align-left u-file-icon u-icon u-radius-8 u-text-white u-icon-2\"><img decoding=\"async\" src=\"https:\/\/amc-havelland.de\/wp-content\/uploads\/2025\/06\/143437ba-17.png\" alt=\"\"><\/span>\n                <h4 class=\"u-align-left u-custom-font u-font-georgia u-text u-text-3\"><span style=\"font-weight: 700;\"><\/span><span style=\"font-weight: 700;\">Auto-<\/span><span style=\"font-weight: 700;\">Anh\u00e4nger <br><\/span>\n                <\/h4>\n                <a href=\"https:\/\/amc-havelland.de\/?page_id=664\" class=\"u-active-white u-border-none u-btn u-btn-round u-button-style u-custom-font u-font-georgia u-hover-white u-radius u-text-palette-2-dark-1 u-white u-btn-2\" title=\"Kontakt\">Mehr Infos<\/a>\n              <\/div>\n            <\/div>\n            <div class=\"u-align-left u-container-align-left-xl u-container-style u-custom-item u-list-item u-palette-2-base u-radius-20 u-repeater-item u-shape-round u-video-cover u-list-item-3\" data-animation-name=\"customAnimationIn\" data-animation-duration=\"1500\" data-animation-delay=\"500\">\n              <div class=\"u-container-layout u-similar-container u-container-layout-3\"><span class=\"u-align-left u-file-icon u-icon u-radius-8 u-text-white u-icon-3\"><img decoding=\"async\" src=\"https:\/\/amc-havelland.de\/wp-content\/uploads\/2025\/06\/de9fe7a0-17.png\" alt=\"\"><\/span>\n                <h4 class=\"u-align-left u-custom-font u-font-georgia u-text u-text-4\"><span style=\"font-weight: 700;\">S<\/span><span style=\"font-weight: 700;\">TIHL Motorger\u00e4te<\/span>\n                  <br>\n                <\/h4>\n                <a href=\"https:\/\/amc-havelland.de\/?page_id=665\" class=\"u-active-white u-border-none u-btn u-btn-round u-button-style u-custom-font u-font-georgia u-hover-white u-radius u-text-palette-2-dark-1 u-white u-btn-3\" title=\"Stihl\">Mehr Infos<\/a>\n              <\/div>\n            <\/div>\n          <\/div>\n        <\/div>\n        <div class=\"data-layout-selected u-clearfix u-expanded-width u-layout-wrap u-layout-wrap-1\">\n          <div class=\"u-layout\">\n            <div class=\"u-layout-row\">\n              <div class=\"u-container-style u-layout-cell u-size-30 u-layout-cell-1\">\n                <div class=\"u-container-layout u-container-layout-4\">\n                  <img decoding=\"async\" class=\"u-absolute-hcenter-xs u-expanded-height u-expanded-height-lg u-expanded-height-md u-expanded-height-sm u-expanded-height-xl u-image u-image-default u-image-1\" src=\"https:\/\/amc-havelland.de\/wp-content\/uploads\/2025\/06\/aussen-11.jpg\" alt=\"\" data-image-width=\"1201\" data-image-height=\"1197\">\n                <\/div>\n              <\/div>\n              <div class=\"u-container-style u-layout-cell u-size-30 u-layout-cell-2\">\n                <div class=\"u-container-layout u-container-layout-5\">\n                  <img decoding=\"async\" class=\"u-expanded-width-xs u-image u-image-contain u-image-default u-image-2\" src=\"https:\/\/amc-havelland.de\/wp-content\/uploads\/2025\/06\/kontakt-17.jpg\" alt=\"\" data-image-width=\"497\" data-image-height=\"433\">\n                  <p class=\"u-text u-text-default u-text-5\"><span style=\"font-size: 0.75rem;\">Steuer-Nr.&nbsp; 051\/247\/14054 Amtsgericht Potsdam<br>&nbsp;&nbsp;&nbsp;&nbsp;&nbsp;&nbsp; Inhaltlich Verantwortlicher Robert Mauer<\/span>\n                    <br>&nbsp;&nbsp;&nbsp;&nbsp;&nbsp;&nbsp;&nbsp;&nbsp;&nbsp;&nbsp;&nbsp; <span style=\"text-decoration: underline !important;\">\n                      <a href=\"https:\/\/amc-havelland.de\/wp-content\/uploads\/2025\/06\/Datenschutz-AMC-5.pdf\" class=\"u-active-none u-border-none u-btn u-button-link u-button-style u-file-link u-hover-none u-none u-text-palette-2-dark-1 u-btn-4\" target=\"_blank\">&nbsp;Datenschutzerkl\u00e4rung<\/a><\/span>\n                    <br>\n                  <\/p>\n                <\/div>\n              <\/div>\n            <\/div>\n          <\/div>\n        <\/div>\n      <\/div>\n    <\/section>\n    <section class=\"u-clearfix u-section-3\" id=\"block-1\">\n      <div class=\"data-layout-selected u-clearfix u-expanded-width u-gutter-20 u-layout-wrap u-layout-wrap-1\">\n        <div class=\"u-layout\">\n          <div class=\"u-layout-row\">\n            <div class=\"u-size-24-lg u-size-24-xl u-size-29-sm u-size-29-xs u-size-60-md\">\n              <div class=\"u-layout-col\">\n                <div class=\"u-size-40\">\n                  <div class=\"u-layout-row\">\n                    <div class=\"u-container-style u-image u-layout-cell u-left-cell u-size-60 u-image-1\" src=\"\" data-image-width=\"2312\" data-image-height=\"1734\" style=\"background-image: url(&quot;https:\/\/amc-havelland.de\/wp-content\/uploads\/2025\/06\/laden-3-10.jpg&quot;);\">\n                      <div class=\"u-container-layout u-valign-middle u-container-layout-1\"><\/div>\n                    <\/div>\n                  <\/div>\n                <\/div>\n                <div class=\"u-size-20\">\n                  <div class=\"u-layout-row\">\n                    <div class=\"u-align-left u-container-align-left u-container-style u-layout-cell u-palette-2-light-3 u-size-60 u-layout-cell-2\">\n                      <div class=\"u-container-layout u-valign-bottom-xs u-container-layout-2\">\n                        <h4 class=\"u-text u-text-default u-text-1\">Shop Paaren<br>\n                        <\/h4>\n                        <p class=\"u-text u-text-2\">\u00d6ffnungszeiten<br>Montag - Freitag&nbsp; 10 - 18 Uhr<br>Samstag&nbsp;&nbsp;&nbsp;&nbsp;&nbsp;&nbsp;&nbsp;&nbsp;&nbsp;&nbsp;&nbsp;&nbsp;&nbsp;&nbsp;&nbsp; 10 - 14 Uhr<br>\n                        <\/p>\n                      <\/div>\n                    <\/div>\n                  <\/div>\n                <\/div>\n              <\/div>\n            <\/div>\n            <div class=\"u-size-31-sm u-size-31-xs u-size-36-lg u-size-36-xl u-size-60-md\">\n              <div class=\"u-layout-col\">\n                <div class=\"u-size-20\">\n                  <div class=\"u-layout-row\">\n                    <div class=\"u-align-left u-container-align-left-xl u-container-style u-layout-cell u-palette-2-light-3 u-size-32 u-layout-cell-3\">\n                      <div class=\"u-container-layout u-valign-top-xs u-container-layout-3\">\n                        <h4 class=\"u-text u-text-3\">Eigene Werkstatt<\/h4>\n                        <p class=\"u-text u-text-4\">Wir bieten Service rund um Motorger\u00e4te und<br>Fahrzeuge bzw. Anh\u00e4nger an, alle Fabrikate.<br>\n                        <\/p>\n                      <\/div>\n                    <\/div>\n                    <div class=\"u-container-style u-image u-layout-cell u-right-cell u-size-28 u-image-2\" src=\"\" data-image-width=\"1502\" data-image-height=\"1378\" style=\"background-image: url(&quot;https:\/\/amc-havelland.de\/wp-content\/uploads\/2025\/06\/zahlung-10.jpg&quot;);\">\n                      <div class=\"u-container-layout u-container-layout-4\"><\/div>\n                    <\/div>\n                  <\/div>\n                <\/div>\n                <div class=\"u-size-40\">\n                  <div class=\"u-layout-row\">\n                    <div class=\"u-container-style u-image u-layout-cell u-right-cell u-size-60 u-image-3\" src=\"\" data-image-width=\"1734\" data-image-height=\"2312\" style=\"background-image: url(&quot;https:\/\/amc-havelland.de\/wp-content\/uploads\/2025\/06\/werk-1-10.jpg&quot;);\">\n                      <div class=\"u-container-layout u-container-layout-5\"><\/div>\n                    <\/div>\n                  <\/div>\n                <\/div>\n              <\/div>\n            <\/div>\n          <\/div>\n        <\/div>\n      <\/div>\n      <div class=\"custom-expanded data-layout-selected u-clearfix u-layout-wrap u-layout-wrap-2\">\n        <div class=\"u-gutter-0 u-layout\">\n          <div class=\"u-layout-row\">\n            <div class=\"u-container-style u-layout-cell u-shape-rectangle u-size-60 u-layout-cell-6\">\n              <div class=\"u-container-layout u-container-layout-6\">\n                <div class=\"custom-expanded u-grey-light-2 u-map u-map-1\">\n                  <div class=\"embed-responsive\">\n                    <iframe class=\"embed-responsive-item\" src=\"https:\/\/maps.google.com\/maps?output=embed&amp;q=Chaussee%208%20%2014621%20Sch%C3%B6nwalde%20Glien&amp;z=10&amp;t=m\" data-map=\"JTdCJTIycG9zaXRpb25UeXBlJTIyJTNBJTIybWFwLXBvaW50JTIyJTJDJTIyYWRkcmVzcyUyMiUzQSUyMkNoYXVzc2VlJTIwOCUyMCUyMDE0NjIxJTIwU2NoJUMzJUI2bndhbGRlJTIwR2xpZW4lMjIlMkMlMjJ6b29tJTIyJTNBMTAlMkMlMjJ0eXBlSWQlMjIlM0ElMjJyb2FkJTIyJTJDJTIybGFuZyUyMiUzQW51bGwlMkMlMjJhcGlLZXklMjIlM0FudWxsJTJDJTIybWFya2VycyUyMiUzQSU1QiU1RCU3RA==\"><\/iframe>\n                  <\/div>\n                <\/div>\n              <\/div>\n            <\/div>\n          <\/div>\n        <\/div>\n      <\/div>\n    <\/section>\n    <section class=\"u-clearfix u-section-4\" id=\"sec-b223\">\n      <div class=\"u-clearfix u-sheet u-valign-middle-lg u-valign-middle-md u-valign-middle-sm u-sheet-1\">\n        <div class=\"custom-expanded data-layout-selected u-clearfix u-layout-wrap u-layout-wrap-1\">\n          <div class=\"u-gutter-0 u-layout\">\n            <div class=\"u-layout-row\">\n              <div class=\"u-container-style u-layout-cell u-shape-rectangle u-size-60 u-size-60-md u-layout-cell-1\">\n                <div class=\"u-container-layout u-container-layout-1\"><\/div>\n              <\/div>\n            <\/div>\n          <\/div>\n        <\/div>\n      <\/div>\n    <\/section>\n    \n    \n    \n    \n  \n<\/div>","protected":false},"excerpt":{"rendered":"<p>Willkommen beim AMC Havelland Wir sind DIE Spezialisten f\u00fcr alle Ger\u00e4te mit Motor und Anh\u00e4nger.&nbsp; Ob Verkauf, Vermietung oderauch beim Service, die Fachberatung durch unser Team garantiert die beste L\u00f6sung f\u00fcr Ihr Anliegen!Wir haben auch Einstreuprodukte, Futtermittel, Weide- und Stallzubeh\u00f6r f\u00fcr Gro\u00dftiere.Aktuelle Angebote auf&nbsp; Instagram und Facebook! &nbsp;AMC Havelland UNSER PRODUKTANGEBOT&nbsp; Kauf &#8211; Miete &#8211; [&hellip;]<\/p>\n","protected":false},"author":1,"featured_media":0,"parent":0,"menu_order":5,"comment_status":"closed","ping_status":"closed","template":"","meta":{"footnotes":""},"class_list":["post-666","page","type-page","status-publish","hentry"],"_links":{"self":[{"href":"https:\/\/amc-havelland.de\/index.php?rest_route=\/wp\/v2\/pages\/666","targetHints":{"allow":["GET"]}}],"collection":[{"href":"https:\/\/amc-havelland.de\/index.php?rest_route=\/wp\/v2\/pages"}],"about":[{"href":"https:\/\/amc-havelland.de\/index.php?rest_route=\/wp\/v2\/types\/page"}],"author":[{"embeddable":true,"href":"https:\/\/amc-havelland.de\/index.php?rest_route=\/wp\/v2\/users\/1"}],"replies":[{"embeddable":true,"href":"https:\/\/amc-havelland.de\/index.php?rest_route=%2Fwp%2Fv2%2Fcomments&post=666"}],"version-history":[{"count":1,"href":"https:\/\/amc-havelland.de\/index.php?rest_route=\/wp\/v2\/pages\/666\/revisions"}],"predecessor-version":[{"id":671,"href":"https:\/\/amc-havelland.de\/index.php?rest_route=\/wp\/v2\/pages\/666\/revisions\/671"}],"wp:attachment":[{"href":"https:\/\/amc-havelland.de\/index.php?rest_route=%2Fwp%2Fv2%2Fmedia&parent=666"}],"curies":[{"name":"wp","href":"https:\/\/api.w.org\/{rel}","templated":true}]}}